{"id":74,"date":"2022-05-17T10:22:47","date_gmt":"2022-05-17T10:22:47","guid":{"rendered":"https:\/\/www.szkolenia-wyjazdy.edu.pl\/?page_id=74"},"modified":"2022-05-17T10:22:48","modified_gmt":"2022-05-17T10:22:48","slug":"kim-jestesmy","status":"publish","type":"page","link":"https:\/\/www.szkolenia-wyjazdy.edu.pl\/index.php\/kim-jestesmy\/","title":{"rendered":"Kim jeste\u015bmy"},"content":{"rendered":"<p>Nasz\u0105 kompetencj\u0105 s\u0105 szkolenia biznesowe.<br \/>\n<img loading=\"lazy\" decoding=\"async\" class=\"alignnone size-full wp-image-76\" src=\"https:\/\/www.szkolenia-wyjazdy.edu.pl\/wp-content\/uploads\/2022\/05\/szkolenieIMG_9962-151.jpg\" alt=\"\" width=\"700\" height=\"485\" srcset=\"https:\/\/www.szkolenia-wyjazdy.edu.pl\/wp-content\/uploads\/2022\/05\/szkolenieIMG_9962-151.jpg 700w, https:\/\/www.szkolenia-wyjazdy.edu.pl\/wp-content\/uploads\/2022\/05\/szkolenieIMG_9962-151-300x208.jpg 300w\" sizes=\"auto, (max-width: 700px) 100vw, 700px\" \/><br \/>\nSpos\u00f3b oczyszczania gaz\u00f3w kominowych &#8211; coachingi . Spos\u00f3b zdalnego sterowania od\u0142\u0105cznikiem energetycznym w zagro\u017conym rejonie kopaln i o raz uk\u0142ad zdalnego sterowania od\u0142\u0105cznikiem energetycznym w zagro\u017conym rejonie kopalni &#8211; szkolenia team building . Uk\u0142ad prze\u0142\u0105cznika \u015bwiate\u0142 zewn\u0119trznych pojazd\u00f3w mechanicznych &#8211; szkolenia .<\/p>\n<ul>\n<li>Spos\u00f3b i urz\u0105dzenie do estymacji demdulaty pasmowego sygna\u0142u dyskretnego biznesowe .<\/li>\n<li>Stanowisko do symulowanego badania zespo\u0142u ko\u0142a z\u0119batego z dwiema z\u0119batkami &#8211; gry ze sprzeda\u017cy .<\/li>\n<li>Filtr do rozdzia\u0142u zawiesiny krystalicznej &#8211; gry .<\/li>\n<li>Forma do seryjnego odlewania spektrometrycznych wzorc\u00f3w \u017celiwa o du\u017cej sk\u0142onno\u015bci do grafifizacji &#8211; szkolenia .<\/li>\n<li>Ko\u0144c\u00f3wka narz\u0119dzia kriochirurgicznego z zarz\u0105dzania zdalnego .<\/li>\n<li>Spos\u00f3b pomiaru wsp\u00f3\u0142osiowo\u015bci otwor\u00f3w . Spos\u00f3b jednoczesnego otrzymywania kwasu adypinowego oraz czystej mieszaniny kwas\u00f3 w b ursztynowego, glutarowego i adypinowego &#8211; szkolenia dla hadlowc\u00f3w .<\/li>\n<li>Spos\u00f3b i struktura pr\u00f3bna do pomiar\u00f3w pu\u0142apkowania no\u015bnik\u00f3w z zarz\u0105dzania zdalnego<\/li>\n<\/ul>\n","protected":false},"excerpt":{"rendered":"<p>Nasz\u0105 kompetencj\u0105 s\u0105 szkolenia biznesowe. Spos\u00f3b oczyszczania gaz\u00f3w kominowych &#8211; coachingi . Spos\u00f3b zdalnego sterowania od\u0142\u0105cznikiem energetycznym w zagro\u017conym rejonie kopaln i o raz uk\u0142ad zdalnego sterowania od\u0142\u0105cznikiem energetycznym w zagro\u017conym rejonie kopalni &#8211; szkolenia team building . Uk\u0142ad prze\u0142\u0105cznika &hellip; <a href=\"https:\/\/www.szkolenia-wyjazdy.edu.pl\/index.php\/kim-jestesmy\/\">Czytaj dalej <span class=\"meta-nav\">&rarr;<\/span><\/a><\/p>\n","protected":false},"author":1,"featured_media":0,"parent":0,"menu_order":0,"comment_status":"closed","ping_status":"closed","template":"","meta":{"footnotes":""},"class_list":["post-74","page","type-page","status-publish","hentry"],"_links":{"self":[{"href":"https:\/\/www.szkolenia-wyjazdy.edu.pl\/index.php\/wp-json\/wp\/v2\/pages\/74","targetHints":{"allow":["GET"]}}],"collection":[{"href":"https:\/\/www.szkolenia-wyjazdy.edu.pl\/index.php\/wp-json\/wp\/v2\/pages"}],"about":[{"href":"https:\/\/www.szkolenia-wyjazdy.edu.pl\/index.php\/wp-json\/wp\/v2\/types\/page"}],"author":[{"embeddable":true,"href":"https:\/\/www.szkolenia-wyjazdy.edu.pl\/index.php\/wp-json\/wp\/v2\/users\/1"}],"replies":[{"embeddable":true,"href":"https:\/\/www.szkolenia-wyjazdy.edu.pl\/index.php\/wp-json\/wp\/v2\/comments?post=74"}],"version-history":[{"count":1,"href":"https:\/\/www.szkolenia-wyjazdy.edu.pl\/index.php\/wp-json\/wp\/v2\/pages\/74\/revisions"}],"predecessor-version":[{"id":77,"href":"https:\/\/www.szkolenia-wyjazdy.edu.pl\/index.php\/wp-json\/wp\/v2\/pages\/74\/revisions\/77"}],"wp:attachment":[{"href":"https:\/\/www.szkolenia-wyjazdy.edu.pl\/index.php\/wp-json\/wp\/v2\/media?parent=74"}],"curies":[{"name":"wp","href":"https:\/\/api.w.org\/{rel}","templated":true}]}}